{"id":6,"date":"2025-09-02T18:07:53","date_gmt":"2025-09-02T18:07:53","guid":{"rendered":"https:\/\/dispinzago.com\/index.php\/pagina-de-mantenimiento\/"},"modified":"2025-09-05T19:15:16","modified_gmt":"2025-09-05T19:15:16","slug":"pagina-de-mantenimiento","status":"publish","type":"page","link":"https:\/\/dispinzago.com\/","title":{"rendered":"P\u00e1gina de mantenimiento"},"content":{"rendered":"\n<div id=\"wp-block-themeisle-blocks-advanced-columns-0d617423\" class=\"wp-block-themeisle-blocks-advanced-columns alignfull has-1-columns has-desktop-equal-layout has-tablet-equal-layout has-mobile-equal-layout has-vertical-center has-dark-bg\"><div class=\"wp-block-themeisle-blocks-advanced-columns-overlay\"><\/div><div class=\"innerblocks-wrap\">\n<header id=\"wp-block-themeisle-blocks-advanced-column-4f3f7187\" class=\"wp-block-themeisle-blocks-advanced-column\">\n<h1 id=\"wp-block-themeisle-blocks-advanced-heading-f38085c3\" class=\"wp-block-themeisle-blocks-advanced-heading wp-block-themeisle-blocks-advanced-heading-f38085c3\">ESTAMOS PINTANDO ALGO GRANDE PARA <strong>TI!<\/strong><\/h1>\n\n\n\n<p class=\"has-text-align-center\">Muy pronto podr\u00e1s explorar nuestro cat\u00e1logo, conocer nuestras marcas aliadas y solicitar cotizaciones en l\u00ednea.<\/p>\n\n\n\n<p class=\"has-text-align-center\">\ud83d\udcf2 Mientras tanto, s\u00edguenos en<strong><a href=\"https:\/\/www.instagram.com\/dispinzago\/\" data-type=\"link\" data-id=\"https:\/\/www.instagram.com\/dispinzago\/\"> Instagram<\/a><\/strong> para novedades, promociones y atenci\u00f3n personalizada.<\/p>\n\n\n\n<p class=\"has-text-align-center\"><strong>Gracias por tu confianza. Pronto estaremos en l\u00ednea para ti.<\/strong><\/p>\n<\/header>\n<\/div><\/div>\n\n\n\n<h2 id=\"wp-block-themeisle-blocks-advanced-heading-81857896\" class=\"wp-block-themeisle-blocks-advanced-heading wp-block-themeisle-blocks-advanced-heading-81857896\"><\/h2>\n\n\n\n<p><\/p>\n","protected":false},"excerpt":{"rendered":"","protected":false},"author":1,"featured_media":0,"parent":0,"menu_order":0,"comment_status":"closed","ping_status":"closed","template":"templates\/wpmm-page-template.php","meta":{"_themeisle_gutenberg_block_has_review":false,"footnotes":""},"class_list":["post-6","page","type-page","status-publish","hentry"],"_links":{"self":[{"href":"https:\/\/dispinzago.com\/index.php\/wp-json\/wp\/v2\/pages\/6","targetHints":{"allow":["GET"]}}],"collection":[{"href":"https:\/\/dispinzago.com\/index.php\/wp-json\/wp\/v2\/pages"}],"about":[{"href":"https:\/\/dispinzago.com\/index.php\/wp-json\/wp\/v2\/types\/page"}],"author":[{"embeddable":true,"href":"https:\/\/dispinzago.com\/index.php\/wp-json\/wp\/v2\/users\/1"}],"replies":[{"embeddable":true,"href":"https:\/\/dispinzago.com\/index.php\/wp-json\/wp\/v2\/comments?post=6"}],"version-history":[{"count":16,"href":"https:\/\/dispinzago.com\/index.php\/wp-json\/wp\/v2\/pages\/6\/revisions"}],"predecessor-version":[{"id":29,"href":"https:\/\/dispinzago.com\/index.php\/wp-json\/wp\/v2\/pages\/6\/revisions\/29"}],"wp:attachment":[{"href":"https:\/\/dispinzago.com\/index.php\/wp-json\/wp\/v2\/media?parent=6"}],"curies":[{"name":"wp","href":"https:\/\/api.w.org\/{rel}","templated":true}]}}